{"id":1614,"date":"2023-03-18T20:15:10","date_gmt":"2023-03-18T19:15:10","guid":{"rendered":"https:\/\/www.ilcoklubstomikovmartin.sk\/?page_id=1614"},"modified":"2025-05-13T20:05:04","modified_gmt":"2025-05-13T18:05:04","slug":"aktuality","status":"publish","type":"page","link":"https:\/\/www.ilcoklubstomikovmartin.sk\/?page_id=1614","title":{"rendered":"Aktuality"},"content":{"rendered":"\t\t<div data-elementor-type=\"wp-page\" data-elementor-id=\"1614\" class=\"elementor elementor-1614\">\n\t\t\t\t\t\t<section class=\"elementor-section elementor-top-section elementor-element elementor-element-ke892k9 elementor-section-height-min-height elementor-section-boxed elementor-section-height-default elementor-section-items-middle\" data-id=\"ke892k9\" data-element_type=\"section\" data-settings=\"{&quot;background_background&quot;:&quot;classic&quot;}\">\n\t\t\t\t\t\t\t<div class=\"elementor-background-overlay\"><\/div>\n\t\t\t\t\t\t\t<div class=\"elementor-container elementor-column-gap-default\">\n\t\t\t\t\t<div class=\"elementor-column elementor-col-100 elementor-top-column elementor-element elementor-element-be10890\" data-id=\"be10890\" data-element_type=\"column\">\n\t\t\t<div class=\"elementor-widget-wrap elementor-element-populated\">\n\t\t\t\t\t\t<div class=\"elementor-element elementor-element-0708f7f elementor-widget elementor-widget-heading\" data-id=\"0708f7f\" data-element_type=\"widget\" data-widget_type=\"heading.default\">\n\t\t\t\t<div class=\"elementor-widget-container\">\n\t\t\t\t\t<h1 class=\"elementor-heading-title elementor-size-default\">Aktuality<\/h1>\t\t\t\t<\/div>\n\t\t\t\t<\/div>\n\t\t\t\t\t<\/div>\n\t\t<\/div>\n\t\t\t\t\t<\/div>\n\t\t<\/section>\n\t\t\t\t<section class=\"elementor-section elementor-top-section elementor-element elementor-element-c6ca52f elementor-section-content-middle elementor-section-boxed elementor-section-height-default elementor-section-height-default\" data-id=\"c6ca52f\" data-element_type=\"section\">\n\t\t\t\t\t\t\t<div class=\"elementor-background-overlay\"><\/div>\n\t\t\t\t\t\t\t<div class=\"elementor-container elementor-column-gap-no\">\n\t\t\t\t\t<div class=\"elementor-column elementor-col-100 elementor-top-column elementor-element elementor-element-8af7a31\" data-id=\"8af7a31\" data-element_type=\"column\">\n\t\t\t<div class=\"elementor-widget-wrap elementor-element-populated\">\n\t\t\t\t\t\t<div class=\"elementor-element elementor-element-82d4d79 elementor-widget-divider--view-line_text elementor-widget-divider--element-align-left elementor-widget elementor-widget-divider\" data-id=\"82d4d79\" data-element_type=\"widget\" data-widget_type=\"divider.default\">\n\t\t\t\t<div class=\"elementor-widget-container\">\n\t\t\t\t\t\t\t<div class=\"elementor-divider\">\n\t\t\t<span class=\"elementor-divider-separator\">\n\t\t\t\t\t\t\t<h6 class=\"elementor-divider__text elementor-divider__element\">\n\t\t\t\tAktuality\t\t\t\t<\/h6>\n\t\t\t\t\t\t<\/span>\n\t\t<\/div>\n\t\t\t\t\t\t<\/div>\n\t\t\t\t<\/div>\n\t\t\t\t<div class=\"elementor-element elementor-element-5d4efdb stratum-navigation-arrow-position-inside stratum-list-image-left elementor-widget elementor-widget-stratum-advanced-posts\" data-id=\"5d4efdb\" data-element_type=\"widget\" data-widget_type=\"stratum-advanced-posts.default\">\n\t\t\t\t<div class=\"elementor-widget-container\">\n\t\t\t\t\t\t<div class=\"stratum-advanced-posts layout-list masonry-disable\"\n\t\t\t>\n\t\t<div class=\"stratum-advanced-posts__wrapper\" data-masonry-options=\"{&quot;columns&quot;:&quot;3&quot;,&quot;column_gap&quot;:20,&quot;row_gap&quot;:20}\">\n\t\t\t<article id='post-2948' class='stratum-advanced-posts__post'><div class='stratum-advanced-posts__post-wrapper'><div class='stratum-advanced-posts__post-thumbnail'><a href='https:\/\/www.ilcoklubstomikovmartin.sk\/?p=2948' class='stratum-advanced-posts__post-link'><div class='stratum-advanced-posts__post-thumbnail-overlay'><\/div><\/a><\/div><div class='stratum-advanced-posts__content-wrapper'><div class='stratum-advanced-posts__entry-header'><h3 class=\"stratum-advanced-posts__post-title\"><a href=\"https:\/\/www.ilcoklubstomikovmartin.sk\/?p=2948\">\u010clensk\u00e1 sch\u00f4dza 18.03.2026<\/a><\/h3><div class='stratum-advanced-posts__entry-meta'><span class='stratum-advanced-posts__post-date'><time datetime='2026-03-24T17:19:06+01:00'><a href='https:\/\/www.ilcoklubstomikovmartin.sk\/?m=20260324'>24. marca 2026<\/a><\/time><\/span><span class='stratum-advanced-posts__meta-fields-divider'>\/<\/span><div class='stratum-advanced-posts__post-author'><a href='https:\/\/www.ilcoklubstomikovmartin.sk\/?author=1'>michal.bukovy<\/a><\/div><\/div><\/div><div class='stratum-advanced-posts__post-content'>D\u0148a 18.03.2026 sa uskuto\u010dnila \u010dlensk\u00e1 sch\u00f4dza ILCO klubu stomikov Martin, ktorej sa z\u00fa\u010dastnilo 32 \u010dlenov a 2 hostia. Ni\u017e\u0161ie je [&hellip;]<\/div><\/div><\/div><\/article><article id='post-2678' class='stratum-advanced-posts__post'><div class='stratum-advanced-posts__post-wrapper'><div class='stratum-advanced-posts__post-thumbnail'><a href='https:\/\/www.ilcoklubstomikovmartin.sk\/?p=2678' class='stratum-advanced-posts__post-link'><img decoding=\"async\" width=\"150\" height=\"150\" src=\"https:\/\/www.ilcoklubstomikovmartin.sk\/wp-content\/uploads\/2025\/11\/sheet-document-paper-letter-text-icon-document-document-document-document-document-paper-1292828-150x150.png\" class=\"stratum-advanced-posts__post-thumbnail-image wp-post-image\" alt=\"Z\u00e1pisnica zo zasadnutia v\u00fdboru ILCO klub stomikov v&nbsp;Martine\" \/><div class='stratum-advanced-posts__post-thumbnail-overlay'><\/div><\/a><\/div><div class='stratum-advanced-posts__content-wrapper'><div class='stratum-advanced-posts__entry-header'><h3 class=\"stratum-advanced-posts__post-title\"><a href=\"https:\/\/www.ilcoklubstomikovmartin.sk\/?p=2678\">Z\u00e1pisnica zo zasadnutia v\u00fdboru ILCO klub stomikov v&nbsp;Martine<\/a><\/h3><div class='stratum-advanced-posts__entry-meta'><span class='stratum-advanced-posts__post-date'><time datetime='2025-11-26T17:02:19+01:00'><a href='https:\/\/www.ilcoklubstomikovmartin.sk\/?m=20251126'>26. novembra 2025<\/a><\/time><\/span><span class='stratum-advanced-posts__meta-fields-divider'>\/<\/span><div class='stratum-advanced-posts__post-author'><a href='https:\/\/www.ilcoklubstomikovmartin.sk\/?author=1'>michal.bukovy<\/a><\/div><\/div><\/div><div class='stratum-advanced-posts__post-content'>Z\u00e1pisnica zo zasadnutia v\u00fdboru ILCO klub stomikov v\u00a0Martine<\/div><\/div><\/div><\/article>\t\t<\/div>\n\n\t\t\t<\/div>\n\t\t\t\t<\/div>\n\t\t\t\t<\/div>\n\t\t\t\t\t<\/div>\n\t\t<\/div>\n\t\t\t\t\t<\/div>\n\t\t<\/section>\n\t\t\t\t<\/div>\n\t\t","protected":false},"excerpt":{"rendered":"<p>Aktuality Aktuality<\/p>\n","protected":false},"author":1,"featured_media":0,"parent":0,"menu_order":0,"comment_status":"closed","ping_status":"closed","template":"","meta":{"_uag_custom_page_level_css":"","_monsterinsights_skip_tracking":false,"_monsterinsights_sitenote_active":false,"_monsterinsights_sitenote_note":"","_monsterinsights_sitenote_category":0,"site-sidebar-layout":"no-sidebar","site-content-layout":"page-builder","ast-site-content-layout":"","site-content-style":"default","site-sidebar-style":"default","ast-global-header-display":"","ast-banner-title-visibility":"","ast-main-header-display":"","ast-hfb-above-header-display":"","ast-hfb-below-header-display":"","ast-hfb-mobile-header-display":"","site-post-title":"disabled","ast-breadcrumbs-content":"","ast-featured-img":"disabled","footer-sml-layout":"","theme-transparent-header-meta":"enabled","adv-header-id-meta":"","stick-header-meta":"","header-above-stick-meta":"","header-main-stick-meta":"","header-below-stick-meta":"","astra-migrate-meta-layouts":"default","ast-page-background-enabled":"default","ast-page-background-meta":{"desktop":{"background-color":"var(--ast-global-color-4)","background-image":"","background-repeat":"repeat","background-position":"center center","background-size":"auto","background-attachment":"scroll","background-type":"","background-media":"","overlay-type":"","overlay-color":"","overlay-gradient":""},"tablet":{"background-color":"","background-image":"","background-repeat":"repeat","background-position":"center center","background-size":"auto","background-attachment":"scroll","background-type":"","background-media":"","overlay-type":"","overlay-color":"","overlay-gradient":""},"mobile":{"background-color":"","background-image":"","background-repeat":"repeat","background-position":"center center","background-size":"auto","background-attachment":"scroll","background-type":"","background-media":"","overlay-type":"","overlay-color":"","overlay-gradient":""}},"ast-content-background-meta":{"desktop":{"background-color":"var(--ast-global-color-5)","background-image":"","background-repeat":"repeat","background-position":"center center","background-size":"auto","background-attachment":"scroll","background-type":"","background-media":"","overlay-type":"","overlay-color":"","overlay-gradient":""},"tablet":{"background-color":"var(--ast-global-color-5)","background-image":"","background-repeat":"repeat","background-position":"center center","background-size":"auto","background-attachment":"scroll","background-type":"","background-media":"","overlay-type":"","overlay-color":"","overlay-gradient":""},"mobile":{"background-color":"var(--ast-global-color-5)","background-image":"","background-repeat":"repeat","background-position":"center center","background-size":"auto","background-attachment":"scroll","background-type":"","background-media":"","overlay-type":"","overlay-color":"","overlay-gradient":""}},"ngg_post_thumbnail":0,"footnotes":""},"class_list":["post-1614","page","type-page","status-publish","hentry"],"yoast_head":"<!-- This site is optimized with the Yoast SEO plugin v27.2 - https:\/\/yoast.com\/product\/yoast-seo-wordpress\/ -->\n<title>Aktuality - ILCO club stomikov Martin<\/title>\n<meta name=\"robots\" content=\"index, follow, max-snippet:-1, max-image-preview:large, max-video-preview:-1\" \/>\n<link rel=\"canonical\" href=\"https:\/\/www.ilcoklubstomikovmartin.sk\/?page_id=1614\" \/>\n<meta property=\"og:locale\" content=\"sk_SK\" \/>\n<meta property=\"og:type\" content=\"article\" \/>\n<meta property=\"og:title\" content=\"Aktuality - ILCO club stomikov Martin\" \/>\n<meta property=\"og:description\" content=\"Aktuality Aktuality\" \/>\n<meta property=\"og:url\" content=\"https:\/\/www.ilcoklubstomikovmartin.sk\/?page_id=1614\" \/>\n<meta property=\"og:site_name\" content=\"ILCO club stomikov Martin\" \/>\n<meta property=\"article:modified_time\" content=\"2025-05-13T18:05:04+00:00\" \/>\n<meta name=\"twitter:card\" content=\"summary_large_image\" \/>\n<meta name=\"twitter:label1\" content=\"Predpokladan\u00fd \u010das \u010d\u00edtania\" \/>\n\t<meta name=\"twitter:data1\" content=\"3 min\u00faty\" \/>\n<script type=\"application\/ld+json\" class=\"yoast-schema-graph\">{\"@context\":\"https:\/\/schema.org\",\"@graph\":[{\"@type\":\"WebPage\",\"@id\":\"https:\/\/www.ilcoklubstomikovmartin.sk\/?page_id=1614\",\"url\":\"https:\/\/www.ilcoklubstomikovmartin.sk\/?page_id=1614\",\"name\":\"Aktuality - ILCO club stomikov Martin\",\"isPartOf\":{\"@id\":\"https:\/\/www.ilcoklubstomikovmartin.sk\/#website\"},\"datePublished\":\"2023-03-18T19:15:10+00:00\",\"dateModified\":\"2025-05-13T18:05:04+00:00\",\"breadcrumb\":{\"@id\":\"https:\/\/www.ilcoklubstomikovmartin.sk\/?page_id=1614#breadcrumb\"},\"inLanguage\":\"sk-SK\",\"potentialAction\":[{\"@type\":\"ReadAction\",\"target\":[\"https:\/\/www.ilcoklubstomikovmartin.sk\/?page_id=1614\"]}]},{\"@type\":\"BreadcrumbList\",\"@id\":\"https:\/\/www.ilcoklubstomikovmartin.sk\/?page_id=1614#breadcrumb\",\"itemListElement\":[{\"@type\":\"ListItem\",\"position\":1,\"name\":\"Home\",\"item\":\"https:\/\/www.ilcoklubstomikovmartin.sk\/\"},{\"@type\":\"ListItem\",\"position\":2,\"name\":\"Aktuality\"}]},{\"@type\":\"WebSite\",\"@id\":\"https:\/\/www.ilcoklubstomikovmartin.sk\/#website\",\"url\":\"https:\/\/www.ilcoklubstomikovmartin.sk\/\",\"name\":\"ILCO club stomikov Martin\",\"description\":\"\",\"potentialAction\":[{\"@type\":\"SearchAction\",\"target\":{\"@type\":\"EntryPoint\",\"urlTemplate\":\"https:\/\/www.ilcoklubstomikovmartin.sk\/?s={search_term_string}\"},\"query-input\":{\"@type\":\"PropertyValueSpecification\",\"valueRequired\":true,\"valueName\":\"search_term_string\"}}],\"inLanguage\":\"sk-SK\"}]}<\/script>\n<!-- \/ Yoast SEO plugin. -->","yoast_head_json":{"title":"Aktuality - ILCO club stomikov Martin","robots":{"index":"index","follow":"follow","max-snippet":"max-snippet:-1","max-image-preview":"max-image-preview:large","max-video-preview":"max-video-preview:-1"},"canonical":"https:\/\/www.ilcoklubstomikovmartin.sk\/?page_id=1614","og_locale":"sk_SK","og_type":"article","og_title":"Aktuality - ILCO club stomikov Martin","og_description":"Aktuality Aktuality","og_url":"https:\/\/www.ilcoklubstomikovmartin.sk\/?page_id=1614","og_site_name":"ILCO club stomikov Martin","article_modified_time":"2025-05-13T18:05:04+00:00","twitter_card":"summary_large_image","twitter_misc":{"Predpokladan\u00fd \u010das \u010d\u00edtania":"3 min\u00faty"},"schema":{"@context":"https:\/\/schema.org","@graph":[{"@type":"WebPage","@id":"https:\/\/www.ilcoklubstomikovmartin.sk\/?page_id=1614","url":"https:\/\/www.ilcoklubstomikovmartin.sk\/?page_id=1614","name":"Aktuality - ILCO club stomikov Martin","isPartOf":{"@id":"https:\/\/www.ilcoklubstomikovmartin.sk\/#website"},"datePublished":"2023-03-18T19:15:10+00:00","dateModified":"2025-05-13T18:05:04+00:00","breadcrumb":{"@id":"https:\/\/www.ilcoklubstomikovmartin.sk\/?page_id=1614#breadcrumb"},"inLanguage":"sk-SK","potentialAction":[{"@type":"ReadAction","target":["https:\/\/www.ilcoklubstomikovmartin.sk\/?page_id=1614"]}]},{"@type":"BreadcrumbList","@id":"https:\/\/www.ilcoklubstomikovmartin.sk\/?page_id=1614#breadcrumb","itemListElement":[{"@type":"ListItem","position":1,"name":"Home","item":"https:\/\/www.ilcoklubstomikovmartin.sk\/"},{"@type":"ListItem","position":2,"name":"Aktuality"}]},{"@type":"WebSite","@id":"https:\/\/www.ilcoklubstomikovmartin.sk\/#website","url":"https:\/\/www.ilcoklubstomikovmartin.sk\/","name":"ILCO club stomikov Martin","description":"","potentialAction":[{"@type":"SearchAction","target":{"@type":"EntryPoint","urlTemplate":"https:\/\/www.ilcoklubstomikovmartin.sk\/?s={search_term_string}"},"query-input":{"@type":"PropertyValueSpecification","valueRequired":true,"valueName":"search_term_string"}}],"inLanguage":"sk-SK"}]}},"uagb_featured_image_src":{"full":false,"thumbnail":false,"medium":false,"medium_large":false,"large":false,"1536x1536":false,"2048x2048":false},"uagb_author_info":{"display_name":"michal.bukovy","author_link":"https:\/\/www.ilcoklubstomikovmartin.sk\/?author=1"},"uagb_comment_info":0,"uagb_excerpt":"Aktuality Aktuality","_links":{"self":[{"href":"https:\/\/www.ilcoklubstomikovmartin.sk\/index.php?rest_route=\/wp\/v2\/pages\/1614","targetHints":{"allow":["GET"]}}],"collection":[{"href":"https:\/\/www.ilcoklubstomikovmartin.sk\/index.php?rest_route=\/wp\/v2\/pages"}],"about":[{"href":"https:\/\/www.ilcoklubstomikovmartin.sk\/index.php?rest_route=\/wp\/v2\/types\/page"}],"author":[{"embeddable":true,"href":"https:\/\/www.ilcoklubstomikovmartin.sk\/index.php?rest_route=\/wp\/v2\/users\/1"}],"replies":[{"embeddable":true,"href":"https:\/\/www.ilcoklubstomikovmartin.sk\/index.php?rest_route=%2Fwp%2Fv2%2Fcomments&post=1614"}],"version-history":[{"count":6,"href":"https:\/\/www.ilcoklubstomikovmartin.sk\/index.php?rest_route=\/wp\/v2\/pages\/1614\/revisions"}],"predecessor-version":[{"id":2630,"href":"https:\/\/www.ilcoklubstomikovmartin.sk\/index.php?rest_route=\/wp\/v2\/pages\/1614\/revisions\/2630"}],"wp:attachment":[{"href":"https:\/\/www.ilcoklubstomikovmartin.sk\/index.php?rest_route=%2Fwp%2Fv2%2Fmedia&parent=1614"}],"curies":[{"name":"wp","href":"https:\/\/api.w.org\/{rel}","templated":true}]}}