{"id":1534,"date":"2023-03-18T15:26:20","date_gmt":"2023-03-18T14:26:20","guid":{"rendered":"https:\/\/www.ilcoklubstomikovmartin.sk\/?page_id=1534"},"modified":"2023-07-03T17:39:22","modified_gmt":"2023-07-03T15:39:22","slug":"kto-sme","status":"publish","type":"page","link":"https:\/\/www.ilcoklubstomikovmartin.sk\/?page_id=1534","title":{"rendered":"Kto sme"},"content":{"rendered":"\t\t<div data-elementor-type=\"wp-page\" data-elementor-id=\"1534\" class=\"elementor elementor-1534\">\n\t\t\t\t\t\t<section class=\"elementor-section elementor-top-section elementor-element elementor-element-f3pntf4 elementor-section-height-min-height elementor-section-boxed elementor-section-height-default elementor-section-items-middle\" data-id=\"f3pntf4\" data-element_type=\"section\" data-settings=\"{&quot;background_background&quot;:&quot;classic&quot;}\">\n\t\t\t\t\t\t\t<div class=\"elementor-background-overlay\"><\/div>\n\t\t\t\t\t\t\t<div class=\"elementor-container elementor-column-gap-default\">\n\t\t\t\t\t<div class=\"elementor-column elementor-col-100 elementor-top-column elementor-element elementor-element-6a5337e\" data-id=\"6a5337e\" data-element_type=\"column\">\n\t\t\t<div class=\"elementor-widget-wrap elementor-element-populated\">\n\t\t\t\t\t\t<div class=\"elementor-element elementor-element-feefb6c elementor-widget elementor-widget-heading\" data-id=\"feefb6c\" data-element_type=\"widget\" data-widget_type=\"heading.default\">\n\t\t\t\t<div class=\"elementor-widget-container\">\n\t\t\t\t\t<h1 class=\"elementor-heading-title elementor-size-default\">Kto sme<\/h1>\t\t\t\t<\/div>\n\t\t\t\t<\/div>\n\t\t\t\t\t<\/div>\n\t\t<\/div>\n\t\t\t\t\t<\/div>\n\t\t<\/section>\n\t\t\t\t<section class=\"elementor-section elementor-top-section elementor-element elementor-element-e4df6e4 elementor-section-boxed elementor-section-height-default elementor-section-height-default\" data-id=\"e4df6e4\" data-element_type=\"section\">\n\t\t\t\t\t\t<div class=\"elementor-container elementor-column-gap-default\">\n\t\t\t\t\t<div class=\"elementor-column elementor-col-50 elementor-top-column elementor-element elementor-element-3b6c064\" data-id=\"3b6c064\" data-element_type=\"column\">\n\t\t\t<div class=\"elementor-widget-wrap elementor-element-populated\">\n\t\t\t\t\t\t<div class=\"elementor-element elementor-element-18fc9ac elementor-widget elementor-widget-heading\" data-id=\"18fc9ac\" data-element_type=\"widget\" data-widget_type=\"heading.default\">\n\t\t\t\t<div class=\"elementor-widget-container\">\n\t\t\t\t\t<h4 class=\"elementor-heading-title elementor-size-default\">Defin\u00edcia stomika<\/h4>\t\t\t\t<\/div>\n\t\t\t\t<\/div>\n\t\t\t\t<div class=\"elementor-element elementor-element-63a63c7 elementor-widget elementor-widget-text-editor\" data-id=\"63a63c7\" data-element_type=\"widget\" data-widget_type=\"text-editor.default\">\n\t\t\t\t<div class=\"elementor-widget-container\">\n\t\t\t\t\t\t\t\t\t<p>Stomik je zdravotne postihnut\u00fd ob\u010dan, ktor\u00fd m\u00e1 do\u010dasne alebo trvale vyveden\u00fd dut\u00fd org\u00e1n navonok, naj\u010dastej\u0161ie hrub\u00e9 \u010drevo, tenke \u010drevo alebo mo\u010dov\u00e9 cesty, \u010d\u00edm doch\u00e1dza k zmene z\u00e1kladn\u00fdch fyziologick\u00fdch funkci\u00ed, k neovl\u00e1date\u013en\u00e9mu vypr\u00e1zd\u0148ovaniu stolice, tenko\u010drevn\u00e9ho obsahu alebo mo\u010du neprirodzenou cestou s nutnos\u0165ou pou\u017e\u00edvania stomick\u00fdch pom\u00f4cok, d\u00f4sledkom \u010doho je v\u00fdrazn\u00e9 zhor\u0161enie celkovej kvality \u017eivota<\/p>\t\t\t\t\t\t\t\t<\/div>\n\t\t\t\t<\/div>\n\t\t\t\t<div class=\"elementor-element elementor-element-30c1020 elementor-widget elementor-widget-text-editor\" data-id=\"30c1020\" data-element_type=\"widget\" data-widget_type=\"text-editor.default\">\n\t\t\t\t<div class=\"elementor-widget-container\">\n\t\t\t\t\t\t\t\t\t<p>MUDr. Jaroslav L\u00fa\u010dan, PhD., 1996<\/p>\t\t\t\t\t\t\t\t<\/div>\n\t\t\t\t<\/div>\n\t\t\t\t\t<\/div>\n\t\t<\/div>\n\t\t\t\t<div class=\"elementor-column elementor-col-50 elementor-top-column elementor-element elementor-element-498db66 elementor-hidden-mobile\" data-id=\"498db66\" data-element_type=\"column\">\n\t\t\t<div class=\"elementor-widget-wrap elementor-element-populated\">\n\t\t\t\t\t\t\t<\/div>\n\t\t<\/div>\n\t\t\t\t\t<\/div>\n\t\t<\/section>\n\t\t\t\t<section class=\"elementor-section elementor-top-section elementor-element elementor-element-d3c90d4 elementor-section-boxed elementor-section-height-default elementor-section-height-default\" data-id=\"d3c90d4\" data-element_type=\"section\">\n\t\t\t\t\t\t<div class=\"elementor-container elementor-column-gap-default\">\n\t\t\t\t\t<div class=\"elementor-column elementor-col-50 elementor-top-column elementor-element elementor-element-6bf4bdd\" data-id=\"6bf4bdd\" data-element_type=\"column\">\n\t\t\t<div class=\"elementor-widget-wrap elementor-element-populated\">\n\t\t\t\t\t\t<div class=\"elementor-element elementor-element-0e68916 elementor-widget elementor-widget-heading\" data-id=\"0e68916\" data-element_type=\"widget\" data-widget_type=\"heading.default\">\n\t\t\t\t<div class=\"elementor-widget-container\">\n\t\t\t\t\t<h4 class=\"elementor-heading-title elementor-size-default\">Charta pr\u00e1v stomikov<\/h4>\t\t\t\t<\/div>\n\t\t\t\t<\/div>\n\t\t\t\t<div class=\"elementor-element elementor-element-5f185a7 elementor-widget elementor-widget-text-editor\" data-id=\"5f185a7\" data-element_type=\"widget\" data-widget_type=\"text-editor.default\">\n\t\t\t\t<div class=\"elementor-widget-container\">\n\t\t\t\t\t\t\t\t\t<p>Prv\u00fdkr\u00e1t schv\u00e1len\u00e1 v roku 1977, revidovan\u00e1 v roku 1993 a v roku 1997. Nov\u00e1 verzia charty bola schv\u00e1len\u00e1 v roku 2004 na 11. kongrese IOA v portugalskom Porte.<\/p><p>\u00a0<\/p><p>Ka\u017ed\u00fd stomik m\u00e1 pr\u00e1vo:<\/p><ul><li>na predopera\u010dn\u00e9 poradenstvo, aby si bol plne vedom\u00fd v\u00fdznamu oper\u00e1cie a poznal z\u00e1kladn\u00e9 skuto\u010dnosti o \u017eivote so st\u00f3moiu<\/li><li>na dobre uroben\u00fa, vhodne umiesten\u00fa st\u00f3miu s pln\u00fdm a primeran\u00fdm prihliadnut\u00edm na pohodlie pacienta<\/li><li>na kvalitn\u00fa a profesion\u00e1lnu lek\u00e1rsku a o\u0161etrovate\u013esk\u00fa i psychosoci\u00e1lnu podporu v predopera\u010dnom a poopera\u010dnom obdob\u00ed v nemocnici i vo svojej komunite<\/li><li>na podporu a informovanos\u0165 rodiny, zn\u00e1mych a priate\u013eov, aby lep\u0161ie ch\u00e1pali podmienky a zmeny potrebn\u00e9 na dosiahnutie uspokojivej \u00farovne stomikovho \u017eivota<\/li><li>na \u00fapln\u00fa a objekt\u00edvnu inform\u00e1ciu o vhodn\u00fdch pom\u00f4ckach a v\u00fdrobkoch, ktor\u00e9 s\u00fa v jeho krajine k dispoz\u00edci\u00ed<\/li><li>na mo\u017enos\u0165 neobmedzen\u00e9ho v\u00fdberu dostupn\u00fdch stomick\u00fdch pom\u00f4cok<\/li><li>na inform\u00e1cie o organiz\u00e1ci\u00ed stomikov v jeho vlasti a o slu\u017eb\u00e1ch a podpore, ktor\u00e9 poskytuj\u00fa<\/li><li>na ochranu proti akejko\u013evek forme diskrimin\u00e1cie<\/li><\/ul><p>Stomik m\u00e1 ubezpe\u010denie, \u017ee s osobn\u00fdmi inform\u00e1ciami, ktor\u00e9 sa t\u00fdkaj\u00fa jeho stomickej oper\u00e1cie sa bude naklada\u0165 diskr\u00e9tne a bude sa cti\u0165 jeho s\u00fakromie. Nijak\u00e9 inform\u00e1cie o jeho zdravotnom stave nebude nikto kompetentn\u00fd odha\u013eova\u0165, nebude ich prezr\u00e1dza\u0165 \u017eiadnym subjektom zaanga\u017eovan\u00fdm vo v\u00fdrobe, predaji alebo distrib\u00faci\u00ed stomick\u00fdch alebo podobn\u00fdch v\u00fdrobkov. Inform\u00e1cie nemaj\u00fa by\u0165 prezraden\u00e9 ani nijakej osobe, ktor\u00e1 by z toho mohla \u0165a\u017ei\u0165 priamo alebo nepriamo v s\u00favislosti s komer\u010dn\u00fdm st\u00f3mickym trhom bez vysloven\u00e9ho s\u00fahlasu stomika.<\/p>\t\t\t\t\t\t\t\t<\/div>\n\t\t\t\t<\/div>\n\t\t\t\t\t<\/div>\n\t\t<\/div>\n\t\t\t\t<div class=\"elementor-column elementor-col-50 elementor-top-column elementor-element elementor-element-1c82b0a elementor-hidden-mobile\" data-id=\"1c82b0a\" data-element_type=\"column\">\n\t\t\t<div class=\"elementor-widget-wrap elementor-element-populated\">\n\t\t\t\t\t\t<div class=\"elementor-element elementor-element-5b3f00a elementor-widget elementor-widget-image\" data-id=\"5b3f00a\" data-element_type=\"widget\" data-widget_type=\"image.default\">\n\t\t\t\t<div class=\"elementor-widget-container\">\n\t\t\t\t\t\t\t\t\t\t\t\t\t\t\t<img fetchpriority=\"high\" decoding=\"async\" width=\"1198\" height=\"1280\" src=\"https:\/\/www.ilcoklubstomikovmartin.sk\/wp-content\/uploads\/2023\/03\/summer-sunshine-sun-297586.png\" class=\"attachment-full size-full wp-image-1395\" alt=\"summer, sunshine, sun-297586.jpg\" srcset=\"https:\/\/www.ilcoklubstomikovmartin.sk\/wp-content\/uploads\/2023\/03\/summer-sunshine-sun-297586.png 1198w, https:\/\/www.ilcoklubstomikovmartin.sk\/wp-content\/uploads\/2023\/03\/summer-sunshine-sun-297586-281x300.png 281w, https:\/\/www.ilcoklubstomikovmartin.sk\/wp-content\/uploads\/2023\/03\/summer-sunshine-sun-297586-958x1024.png 958w, https:\/\/www.ilcoklubstomikovmartin.sk\/wp-content\/uploads\/2023\/03\/summer-sunshine-sun-297586-768x821.png 768w\" sizes=\"(max-width: 1198px) 100vw, 1198px\" \/>\t\t\t\t\t\t\t\t\t\t\t\t\t\t\t<\/div>\n\t\t\t\t<\/div>\n\t\t\t\t\t<\/div>\n\t\t<\/div>\n\t\t\t\t\t<\/div>\n\t\t<\/section>\n\t\t\t\t<section class=\"elementor-section elementor-top-section elementor-element elementor-element-a4522a7 elementor-section-boxed elementor-section-height-default elementor-section-height-default\" data-id=\"a4522a7\" data-element_type=\"section\">\n\t\t\t\t\t\t<div class=\"elementor-container elementor-column-gap-default\">\n\t\t\t\t\t<div class=\"elementor-column elementor-col-100 elementor-top-column elementor-element elementor-element-c12d47d\" data-id=\"c12d47d\" data-element_type=\"column\">\n\t\t\t<div class=\"elementor-widget-wrap elementor-element-populated\">\n\t\t\t\t\t\t<div class=\"elementor-element elementor-element-4cb4940 elementor-widget elementor-widget-text-editor\" data-id=\"4cb4940\" data-element_type=\"widget\" data-widget_type=\"text-editor.default\">\n\t\t\t\t<div class=\"elementor-widget-container\">\n\t\t\t\t\t\t\t\t\t<p>\u00a0 Stomia je v\u00e1\u017eny z\u00e1sah do \u017eivota \u010dloveka. \u017di\u0165 so st\u00f3miou nie je a nikdy nebude jednoduch\u00e9. Napriek nov\u00fdm opera\u010dn\u00fdm technik\u00e1m po\u010det stomikov prib\u00fada. Mo\u017eno kon\u0161tatova\u0165, \u017ee st\u00f3mie sa neprestan\u00fa robi\u0165. Ro\u010dne pribudne na Slovensku viac ako 1500 stomikov. Celkove ich u n\u00e1s \u017eije pribli\u017ene 10000. Pre skvalitnenie \u017eivota stomikov maj\u00fa okrem rodiny a zdravotn\u00edkov ve\u013ek\u00fd v\u00fdznam ILCO kluby stomikov. Na Slovensku bolo zalo\u017een\u00fdch 31 ILCO klubov. Tvoria z\u00e1kladn\u00fa organiza\u010dn\u00fa jednotku SLOVILCA &#8211; Slovensk\u00e9ho zdru\u017eenia stomikov. S\u00fa d\u00f4le\u017eit\u00e9 pre z\u00edskanie straten\u00e9ho sebavedomia. Pom\u00e1haj\u00fa pri za\u010dlenen\u00ed sa do spolo\u010densk\u00e9ho \u017eivota. Stomik v prostred\u00ed klubu zist\u00ed, \u017ee v\u0161etko sa d\u00e1 zvl\u00e1dnu\u0165 aj so st\u00f3miou. Pre zdravotn\u00edkov je \u0165a\u017ek\u00e9 ur\u010di\u0165, \u010do pacienti skuto\u010dne potrebuj\u00fa na skvalitnenie \u017eivota. To vedia najlep\u0161ie pacienti sami. Stomici, ktor\u00ed sa stret\u00e1vaj\u00fa, si navz\u00e1jom radia a pom\u00e1haj\u00fa. Ve\u010f najlep\u0161ie vie poradi\u0165 ten, ktor\u00fd je rovnako postihnut\u00fd, ktor\u00fd sa so svoj\u00edm ochoren\u00edm a osudom vyrovnal, ktor\u00fd tento \u017eivot \u017eije.<\/p>\t\t\t\t\t\t\t\t<\/div>\n\t\t\t\t<\/div>\n\t\t\t\t\t<\/div>\n\t\t<\/div>\n\t\t\t\t\t<\/div>\n\t\t<\/section>\n\t\t\t\t<\/div>\n\t\t","protected":false},"excerpt":{"rendered":"<p>Kto sme Defin\u00edcia stomika Stomik je zdravotne postihnut\u00fd ob\u010dan, ktor\u00fd m\u00e1 do\u010dasne alebo trvale vyveden\u00fd dut\u00fd org\u00e1n navonok, naj\u010dastej\u0161ie hrub\u00e9 \u010drevo, tenke \u010drevo alebo mo\u010dov\u00e9 cesty, \u010d\u00edm doch\u00e1dza k zmene z\u00e1kladn\u00fdch fyziologick\u00fdch funkci\u00ed, k neovl\u00e1date\u013en\u00e9mu vypr\u00e1zd\u0148ovaniu stolice, tenko\u010drevn\u00e9ho obsahu alebo mo\u010du neprirodzenou cestou s nutnos\u0165ou pou\u017e\u00edvania stomick\u00fdch pom\u00f4cok, d\u00f4sledkom \u010doho je v\u00fdrazn\u00e9 zhor\u0161enie celkovej kvality [&hellip;]<\/p>\n","protected":false},"author":1,"featured_media":0,"parent":0,"menu_order":0,"comment_status":"closed","ping_status":"closed","template":"","meta":{"_uag_custom_page_level_css":"","_monsterinsights_skip_tracking":false,"_monsterinsights_sitenote_active":false,"_monsterinsights_sitenote_note":"","_monsterinsights_sitenote_category":0,"site-sidebar-layout":"no-sidebar","site-content-layout":"page-builder","ast-site-content-layout":"","site-content-style":"default","site-sidebar-style":"default","ast-global-header-display":"","ast-banner-title-visibility":"","ast-main-header-display":"","ast-hfb-above-header-display":"","ast-hfb-below-header-display":"","ast-hfb-mobile-header-display":"","site-post-title":"disabled","ast-breadcrumbs-content":"","ast-featured-img":"disabled","footer-sml-layout":"","theme-transparent-header-meta":"enabled","adv-header-id-meta":"","stick-header-meta":"","header-above-stick-meta":"","header-main-stick-meta":"","header-below-stick-meta":"","astra-migrate-meta-layouts":"default","ast-page-background-enabled":"default","ast-page-background-meta":{"desktop":{"background-color":"var(--ast-global-color-4)","background-image":"","background-repeat":"repeat","background-position":"center center","background-size":"auto","background-attachment":"scroll","background-type":"","background-media":"","overlay-type":"","overlay-color":"","overlay-gradient":""},"tablet":{"background-color":"","background-image":"","background-repeat":"repeat","background-position":"center center","background-size":"auto","background-attachment":"scroll","background-type":"","background-media":"","overlay-type":"","overlay-color":"","overlay-gradient":""},"mobile":{"background-color":"","background-image":"","background-repeat":"repeat","background-position":"center center","background-size":"auto","background-attachment":"scroll","background-type":"","background-media":"","overlay-type":"","overlay-color":"","overlay-gradient":""}},"ast-content-background-meta":{"desktop":{"background-color":"var(--ast-global-color-5)","background-image":"","background-repeat":"repeat","background-position":"center center","background-size":"auto","background-attachment":"scroll","background-type":"","background-media":"","overlay-type":"","overlay-color":"","overlay-gradient":""},"tablet":{"background-color":"var(--ast-global-color-5)","background-image":"","background-repeat":"repeat","background-position":"center center","background-size":"auto","background-attachment":"scroll","background-type":"","background-media":"","overlay-type":"","overlay-color":"","overlay-gradient":""},"mobile":{"background-color":"var(--ast-global-color-5)","background-image":"","background-repeat":"repeat","background-position":"center center","background-size":"auto","background-attachment":"scroll","background-type":"","background-media":"","overlay-type":"","overlay-color":"","overlay-gradient":""}},"ngg_post_thumbnail":0,"footnotes":""},"class_list":["post-1534","page","type-page","status-publish","hentry"],"yoast_head":"<!-- This site is optimized with the Yoast SEO plugin v27.2 - https:\/\/yoast.com\/product\/yoast-seo-wordpress\/ -->\n<title>Kto sme - ILCO club stomikov Martin<\/title>\n<meta name=\"robots\" content=\"index, follow, max-snippet:-1, max-image-preview:large, max-video-preview:-1\" \/>\n<link rel=\"canonical\" href=\"https:\/\/www.ilcoklubstomikovmartin.sk\/?page_id=1534\" \/>\n<meta property=\"og:locale\" content=\"sk_SK\" \/>\n<meta property=\"og:type\" content=\"article\" \/>\n<meta property=\"og:title\" content=\"Kto sme - ILCO club stomikov Martin\" \/>\n<meta property=\"og:description\" content=\"Kto sme Defin\u00edcia stomika Stomik je zdravotne postihnut\u00fd ob\u010dan, ktor\u00fd m\u00e1 do\u010dasne alebo trvale vyveden\u00fd dut\u00fd org\u00e1n navonok, naj\u010dastej\u0161ie hrub\u00e9 \u010drevo, tenke \u010drevo alebo mo\u010dov\u00e9 cesty, \u010d\u00edm doch\u00e1dza k zmene z\u00e1kladn\u00fdch fyziologick\u00fdch funkci\u00ed, k neovl\u00e1date\u013en\u00e9mu vypr\u00e1zd\u0148ovaniu stolice, tenko\u010drevn\u00e9ho obsahu alebo mo\u010du neprirodzenou cestou s nutnos\u0165ou pou\u017e\u00edvania stomick\u00fdch pom\u00f4cok, d\u00f4sledkom \u010doho je v\u00fdrazn\u00e9 zhor\u0161enie celkovej kvality [&hellip;]\" \/>\n<meta property=\"og:url\" content=\"https:\/\/www.ilcoklubstomikovmartin.sk\/?page_id=1534\" \/>\n<meta property=\"og:site_name\" content=\"ILCO club stomikov Martin\" \/>\n<meta property=\"article:modified_time\" content=\"2023-07-03T15:39:22+00:00\" \/>\n<meta property=\"og:image\" content=\"https:\/\/www.ilcoklubstomikovmartin.sk\/wp-content\/uploads\/2023\/03\/summer-sunshine-sun-297586.png\" \/>\n<meta name=\"twitter:card\" content=\"summary_large_image\" \/>\n<meta name=\"twitter:label1\" content=\"Predpokladan\u00fd \u010das \u010d\u00edtania\" \/>\n\t<meta name=\"twitter:data1\" content=\"3 min\u00faty\" \/>\n<script type=\"application\/ld+json\" class=\"yoast-schema-graph\">{\"@context\":\"https:\/\/schema.org\",\"@graph\":[{\"@type\":\"WebPage\",\"@id\":\"https:\/\/www.ilcoklubstomikovmartin.sk\/?page_id=1534\",\"url\":\"https:\/\/www.ilcoklubstomikovmartin.sk\/?page_id=1534\",\"name\":\"Kto sme - ILCO club stomikov Martin\",\"isPartOf\":{\"@id\":\"https:\/\/www.ilcoklubstomikovmartin.sk\/#website\"},\"primaryImageOfPage\":{\"@id\":\"https:\/\/www.ilcoklubstomikovmartin.sk\/?page_id=1534#primaryimage\"},\"image\":{\"@id\":\"https:\/\/www.ilcoklubstomikovmartin.sk\/?page_id=1534#primaryimage\"},\"thumbnailUrl\":\"https:\/\/www.ilcoklubstomikovmartin.sk\/wp-content\/uploads\/2023\/03\/summer-sunshine-sun-297586.png\",\"datePublished\":\"2023-03-18T14:26:20+00:00\",\"dateModified\":\"2023-07-03T15:39:22+00:00\",\"breadcrumb\":{\"@id\":\"https:\/\/www.ilcoklubstomikovmartin.sk\/?page_id=1534#breadcrumb\"},\"inLanguage\":\"sk-SK\",\"potentialAction\":[{\"@type\":\"ReadAction\",\"target\":[\"https:\/\/www.ilcoklubstomikovmartin.sk\/?page_id=1534\"]}]},{\"@type\":\"ImageObject\",\"inLanguage\":\"sk-SK\",\"@id\":\"https:\/\/www.ilcoklubstomikovmartin.sk\/?page_id=1534#primaryimage\",\"url\":\"https:\/\/www.ilcoklubstomikovmartin.sk\/wp-content\/uploads\/2023\/03\/summer-sunshine-sun-297586.png\",\"contentUrl\":\"https:\/\/www.ilcoklubstomikovmartin.sk\/wp-content\/uploads\/2023\/03\/summer-sunshine-sun-297586.png\",\"width\":1198,\"height\":1280,\"caption\":\"summer, sunshine, sun-297586.jpg\"},{\"@type\":\"BreadcrumbList\",\"@id\":\"https:\/\/www.ilcoklubstomikovmartin.sk\/?page_id=1534#breadcrumb\",\"itemListElement\":[{\"@type\":\"ListItem\",\"position\":1,\"name\":\"Home\",\"item\":\"https:\/\/www.ilcoklubstomikovmartin.sk\/\"},{\"@type\":\"ListItem\",\"position\":2,\"name\":\"Kto sme\"}]},{\"@type\":\"WebSite\",\"@id\":\"https:\/\/www.ilcoklubstomikovmartin.sk\/#website\",\"url\":\"https:\/\/www.ilcoklubstomikovmartin.sk\/\",\"name\":\"ILCO club stomikov Martin\",\"description\":\"\",\"potentialAction\":[{\"@type\":\"SearchAction\",\"target\":{\"@type\":\"EntryPoint\",\"urlTemplate\":\"https:\/\/www.ilcoklubstomikovmartin.sk\/?s={search_term_string}\"},\"query-input\":{\"@type\":\"PropertyValueSpecification\",\"valueRequired\":true,\"valueName\":\"search_term_string\"}}],\"inLanguage\":\"sk-SK\"}]}<\/script>\n<!-- \/ Yoast SEO plugin. -->","yoast_head_json":{"title":"Kto sme - ILCO club stomikov Martin","robots":{"index":"index","follow":"follow","max-snippet":"max-snippet:-1","max-image-preview":"max-image-preview:large","max-video-preview":"max-video-preview:-1"},"canonical":"https:\/\/www.ilcoklubstomikovmartin.sk\/?page_id=1534","og_locale":"sk_SK","og_type":"article","og_title":"Kto sme - ILCO club stomikov Martin","og_description":"Kto sme Defin\u00edcia stomika Stomik je zdravotne postihnut\u00fd ob\u010dan, ktor\u00fd m\u00e1 do\u010dasne alebo trvale vyveden\u00fd dut\u00fd org\u00e1n navonok, naj\u010dastej\u0161ie hrub\u00e9 \u010drevo, tenke \u010drevo alebo mo\u010dov\u00e9 cesty, \u010d\u00edm doch\u00e1dza k zmene z\u00e1kladn\u00fdch fyziologick\u00fdch funkci\u00ed, k neovl\u00e1date\u013en\u00e9mu vypr\u00e1zd\u0148ovaniu stolice, tenko\u010drevn\u00e9ho obsahu alebo mo\u010du neprirodzenou cestou s nutnos\u0165ou pou\u017e\u00edvania stomick\u00fdch pom\u00f4cok, d\u00f4sledkom \u010doho je v\u00fdrazn\u00e9 zhor\u0161enie celkovej kvality [&hellip;]","og_url":"https:\/\/www.ilcoklubstomikovmartin.sk\/?page_id=1534","og_site_name":"ILCO club stomikov Martin","article_modified_time":"2023-07-03T15:39:22+00:00","og_image":[{"url":"https:\/\/www.ilcoklubstomikovmartin.sk\/wp-content\/uploads\/2023\/03\/summer-sunshine-sun-297586.png","type":"","width":"","height":""}],"twitter_card":"summary_large_image","twitter_misc":{"Predpokladan\u00fd \u010das \u010d\u00edtania":"3 min\u00faty"},"schema":{"@context":"https:\/\/schema.org","@graph":[{"@type":"WebPage","@id":"https:\/\/www.ilcoklubstomikovmartin.sk\/?page_id=1534","url":"https:\/\/www.ilcoklubstomikovmartin.sk\/?page_id=1534","name":"Kto sme - ILCO club stomikov Martin","isPartOf":{"@id":"https:\/\/www.ilcoklubstomikovmartin.sk\/#website"},"primaryImageOfPage":{"@id":"https:\/\/www.ilcoklubstomikovmartin.sk\/?page_id=1534#primaryimage"},"image":{"@id":"https:\/\/www.ilcoklubstomikovmartin.sk\/?page_id=1534#primaryimage"},"thumbnailUrl":"https:\/\/www.ilcoklubstomikovmartin.sk\/wp-content\/uploads\/2023\/03\/summer-sunshine-sun-297586.png","datePublished":"2023-03-18T14:26:20+00:00","dateModified":"2023-07-03T15:39:22+00:00","breadcrumb":{"@id":"https:\/\/www.ilcoklubstomikovmartin.sk\/?page_id=1534#breadcrumb"},"inLanguage":"sk-SK","potentialAction":[{"@type":"ReadAction","target":["https:\/\/www.ilcoklubstomikovmartin.sk\/?page_id=1534"]}]},{"@type":"ImageObject","inLanguage":"sk-SK","@id":"https:\/\/www.ilcoklubstomikovmartin.sk\/?page_id=1534#primaryimage","url":"https:\/\/www.ilcoklubstomikovmartin.sk\/wp-content\/uploads\/2023\/03\/summer-sunshine-sun-297586.png","contentUrl":"https:\/\/www.ilcoklubstomikovmartin.sk\/wp-content\/uploads\/2023\/03\/summer-sunshine-sun-297586.png","width":1198,"height":1280,"caption":"summer, sunshine, sun-297586.jpg"},{"@type":"BreadcrumbList","@id":"https:\/\/www.ilcoklubstomikovmartin.sk\/?page_id=1534#breadcrumb","itemListElement":[{"@type":"ListItem","position":1,"name":"Home","item":"https:\/\/www.ilcoklubstomikovmartin.sk\/"},{"@type":"ListItem","position":2,"name":"Kto sme"}]},{"@type":"WebSite","@id":"https:\/\/www.ilcoklubstomikovmartin.sk\/#website","url":"https:\/\/www.ilcoklubstomikovmartin.sk\/","name":"ILCO club stomikov Martin","description":"","potentialAction":[{"@type":"SearchAction","target":{"@type":"EntryPoint","urlTemplate":"https:\/\/www.ilcoklubstomikovmartin.sk\/?s={search_term_string}"},"query-input":{"@type":"PropertyValueSpecification","valueRequired":true,"valueName":"search_term_string"}}],"inLanguage":"sk-SK"}]}},"uagb_featured_image_src":{"full":false,"thumbnail":false,"medium":false,"medium_large":false,"large":false,"1536x1536":false,"2048x2048":false},"uagb_author_info":{"display_name":"michal.bukovy","author_link":"https:\/\/www.ilcoklubstomikovmartin.sk\/?author=1"},"uagb_comment_info":0,"uagb_excerpt":"Kto sme Defin\u00edcia stomika Stomik je zdravotne postihnut\u00fd ob\u010dan, ktor\u00fd m\u00e1 do\u010dasne alebo trvale vyveden\u00fd dut\u00fd org\u00e1n navonok, naj\u010dastej\u0161ie hrub\u00e9 \u010drevo, tenke \u010drevo alebo mo\u010dov\u00e9 cesty, \u010d\u00edm doch\u00e1dza k zmene z\u00e1kladn\u00fdch fyziologick\u00fdch funkci\u00ed, k neovl\u00e1date\u013en\u00e9mu vypr\u00e1zd\u0148ovaniu stolice, tenko\u010drevn\u00e9ho obsahu alebo mo\u010du neprirodzenou cestou s nutnos\u0165ou pou\u017e\u00edvania stomick\u00fdch pom\u00f4cok, d\u00f4sledkom \u010doho je v\u00fdrazn\u00e9 zhor\u0161enie celkovej kvality&hellip;","_links":{"self":[{"href":"https:\/\/www.ilcoklubstomikovmartin.sk\/index.php?rest_route=\/wp\/v2\/pages\/1534","targetHints":{"allow":["GET"]}}],"collection":[{"href":"https:\/\/www.ilcoklubstomikovmartin.sk\/index.php?rest_route=\/wp\/v2\/pages"}],"about":[{"href":"https:\/\/www.ilcoklubstomikovmartin.sk\/index.php?rest_route=\/wp\/v2\/types\/page"}],"author":[{"embeddable":true,"href":"https:\/\/www.ilcoklubstomikovmartin.sk\/index.php?rest_route=\/wp\/v2\/users\/1"}],"replies":[{"embeddable":true,"href":"https:\/\/www.ilcoklubstomikovmartin.sk\/index.php?rest_route=%2Fwp%2Fv2%2Fcomments&post=1534"}],"version-history":[{"count":6,"href":"https:\/\/www.ilcoklubstomikovmartin.sk\/index.php?rest_route=\/wp\/v2\/pages\/1534\/revisions"}],"predecessor-version":[{"id":2092,"href":"https:\/\/www.ilcoklubstomikovmartin.sk\/index.php?rest_route=\/wp\/v2\/pages\/1534\/revisions\/2092"}],"wp:attachment":[{"href":"https:\/\/www.ilcoklubstomikovmartin.sk\/index.php?rest_route=%2Fwp%2Fv2%2Fmedia&parent=1534"}],"curies":[{"name":"wp","href":"https:\/\/api.w.org\/{rel}","templated":true}]}}